{"id":185,"date":"2015-06-23T14:46:17","date_gmt":"2015-06-23T14:46:17","guid":{"rendered":"http:\/\/themes.pixelwars.org\/empathy\/?page_id=185"},"modified":"2025-11-21T08:09:03","modified_gmt":"2025-11-21T08:09:03","slug":"home","status":"publish","type":"page","link":"https:\/\/www.emrecandurmaz.com\/","title":{"rendered":"Home"},"content":{"rendered":"<h4>Merhaba, ben<\/h4>\n<h2>Emrecan Durmaz<\/h2>\n<h4>\u00a0<strong id=\"typist-element\" data-typist=\"Bilgisayar M\u00fchendisi.,Satran\u00e7 Sporcusu.,RatelTech A.\u015e. Kurucusu.,Scootable Kurucusu.,Bi'Kom\u015fu Kurucusu.,Motorcu.,Mavi.Cloud kurucusu.,PHP Developer.,\u0130YTE Sinema Toplulu\u011fu Kurucusu.,Java Developer.,\u015eiir sever.,GridPlanner kurucusu.,\u0130ki \u00e7ocuk amcas\u0131.,bir \u00e7ocuk babas\u0131,\u0130zmir B\u00fcy\u00fck\u015fehir Belediyesi \u0130novasyon ve Teknoloji Genel M\u00fcd\u00fcr\u00fc\">Turla Mobilite kurucusu.<\/strong><\/h4>\n","protected":false},"excerpt":{"rendered":"<p>Merhaba, ben Emrecan Durmaz \u00a0<\/p>\n","protected":false},"author":1,"featured_media":1055,"parent":0,"menu_order":0,"comment_status":"closed","ping_status":"closed","template":"template-homepage.php","meta":[],"_links":{"self":[{"href":"https:\/\/www.emrecandurmaz.com\/index.php\/wp-json\/wp\/v2\/pages\/185"}],"collection":[{"href":"https:\/\/www.emrecandurmaz.com\/index.php\/wp-json\/wp\/v2\/pages"}],"about":[{"href":"https:\/\/www.emrecandurmaz.com\/index.php\/wp-json\/wp\/v2\/types\/page"}],"author":[{"embeddable":true,"href":"https:\/\/www.emrecandurmaz.com\/index.php\/wp-json\/wp\/v2\/users\/1"}],"replies":[{"embeddable":true,"href":"https:\/\/www.emrecandurmaz.com\/index.php\/wp-json\/wp\/v2\/comments?post=185"}],"version-history":[{"count":16,"href":"https:\/\/www.emrecandurmaz.com\/index.php\/wp-json\/wp\/v2\/pages\/185\/revisions"}],"predecessor-version":[{"id":1064,"href":"https:\/\/www.emrecandurmaz.com\/index.php\/wp-json\/wp\/v2\/pages\/185\/revisions\/1064"}],"wp:featuredmedia":[{"embeddable":true,"href":"https:\/\/www.emrecandurmaz.com\/index.php\/wp-json\/wp\/v2\/media\/1055"}],"wp:attachment":[{"href":"https:\/\/www.emrecandurmaz.com\/index.php\/wp-json\/wp\/v2\/media?parent=185"}],"curies":[{"name":"wp","href":"https:\/\/api.w.org\/{rel}","templated":true}]}}